{"id":640,"date":"2016-05-24T16:36:52","date_gmt":"2016-05-24T20:36:52","guid":{"rendered":"http:\/\/rodecoarq.cl\/site\/?page_id=640"},"modified":"2018-05-20T12:00:16","modified_gmt":"2018-05-20T16:00:16","slug":"inicio","status":"publish","type":"page","link":"http:\/\/rodecoarq.cl\/site\/","title":{"rendered":"INICIO"},"content":{"rendered":"<p>[et_pb_section admin_label=\u00bbSecci\u00f3n\u00bb fullwidth=\u00bboff\u00bb specialty=\u00bboff\u00bb][et_pb_row admin_label=\u00bbFila\u00bb][et_pb_column type=\u00bb4_4&#8243;][et_pb_text admin_label=\u00bbTexto\u00bb background_layout=\u00bblight\u00bb text_orientation=\u00bbleft\u00bb use_border_color=\u00bboff\u00bb border_color=\u00bb#ffffff\u00bb border_style=\u00bbsolid\u00bb] [rev_slider alias=\u00bbINICIO1&#8243;][\/rev_slider]<\/p>\n<p>&nbsp;<\/p>\n<p>[\/et_pb_text][\/et_pb_column][\/et_pb_row][\/et_pb_section][et_pb_section admin_label=\u00bbsection\u00bb transparent_background=\u00bboff\u00bb background_color=\u00bb#ffffff\u00bb allow_player_pause=\u00bboff\u00bb inner_shadow=\u00bboff\u00bb parallax=\u00bboff\u00bb parallax_method=\u00bboff\u00bb padding_mobile=\u00bboff\u00bb make_fullwidth=\u00bboff\u00bb use_custom_width=\u00bboff\u00bb width_unit=\u00bbon\u00bb make_equal=\u00bboff\u00bb use_custom_gutter=\u00bboff\u00bb][et_pb_row admin_label=\u00bbrow\u00bb make_fullwidth=\u00bboff\u00bb use_custom_width=\u00bboff\u00bb width_unit=\u00bbon\u00bb use_custom_gutter=\u00bboff\u00bb padding_mobile=\u00bboff\u00bb allow_player_pause=\u00bboff\u00bb parallax=\u00bboff\u00bb parallax_method=\u00bboff\u00bb make_equal=\u00bboff\u00bb parallax_1=\u00bboff\u00bb parallax_method_1=\u00bboff\u00bb column_padding_mobile=\u00bbon\u00bb][et_pb_column type=\u00bb4_4&#8243;][et_pb_divider admin_label=\u00bbSeparador\u00bb color=\u00bb#ededed\u00bb show_divider=\u00bboff\u00bb height=\u00bb40&#8243; divider_style=\u00bbsolid\u00bb divider_position=\u00bbtop\u00bb hide_on_mobile=\u00bbon\u00bb] [\/et_pb_divider][et_pb_text admin_label=\u00bbTexto\u00bb background_layout=\u00bblight\u00bb text_orientation=\u00bbleft\u00bb use_border_color=\u00bboff\u00bb border_color=\u00bb#ffffff\u00bb border_style=\u00bbsolid\u00bb text_text_color=\u00bb#000000&#8243; text_letter_spacing=\u00bb1px\u00bb]<\/p>\n<h3 style=\"text-align: center;\"><span style=\"color: #808080;\">Somos una empresa con 20 a\u00f1os en el rubro del dise\u00f1o interior y arquitectura.<\/span><\/h3>\n<h5 style=\"text-align: center;\"><span style=\"color: #808080;\">Remodelamos tu casa entreg\u00e1ndote\u00a0un servicio integral. Nos definimos en 4 palabras: Trayectoria, Experiencia, Vanguardia y Creatividad.\u00a0<\/span><span style=\"color: #808080;\">Contamos con un showroom y una tienda con objetos a la venta cuidadosamente seleccionados por nuestro equipo y muebles dise\u00f1ados por nosotros. Revisa algunos de nuestros proyectos y visita la tienda online.<br \/>\n<\/span><\/h5>\n<p>[\/et_pb_text][et_pb_divider admin_label=\u00bbSeparador\u00bb color=\u00bb#ededed\u00bb show_divider=\u00bboff\u00bb height=\u00bb40&#8243; divider_style=\u00bbsolid\u00bb divider_position=\u00bbtop\u00bb hide_on_mobile=\u00bbon\u00bb] [\/et_pb_divider][et_pb_divider admin_label=\u00bbSeparador\u00bb color=\u00bb#ededed\u00bb show_divider=\u00bboff\u00bb height=\u00bb40&#8243; divider_style=\u00bbsolid\u00bb divider_position=\u00bbtop\u00bb hide_on_mobile=\u00bbon\u00bb] [\/et_pb_divider][\/et_pb_column][\/et_pb_row][\/et_pb_section][et_pb_section admin_label=\u00bbSecci\u00f3n\u00bb fullwidth=\u00bboff\u00bb specialty=\u00bboff\u00bb][et_pb_row admin_label=\u00bbFila\u00bb make_fullwidth=\u00bboff\u00bb use_custom_width=\u00bbon\u00bb width_unit=\u00bbon\u00bb use_custom_gutter=\u00bboff\u00bb padding_mobile=\u00bboff\u00bb allow_player_pause=\u00bboff\u00bb parallax=\u00bboff\u00bb parallax_method=\u00bboff\u00bb make_equal=\u00bboff\u00bb parallax_1=\u00bboff\u00bb parallax_method_1=\u00bboff\u00bb parallax_2=\u00bboff\u00bb parallax_method_2=\u00bboff\u00bb column_padding_mobile=\u00bbon\u00bb][et_pb_column type=\u00bb1_2&#8243;][et_pb_text admin_label=\u00bbProyectos de Dise\u00f1o y Arquitecta\u00bb background_layout=\u00bblight\u00bb text_orientation=\u00bbleft\u00bb use_border_color=\u00bboff\u00bb border_color=\u00bb#ffffff\u00bb border_style=\u00bbsolid\u00bb] [ess_grid alias=\u00bbproyectos\u00bb] [\/et_pb_text][\/et_pb_column][et_pb_column type=\u00bb1_2&#8243;][\/et_pb_column][\/et_pb_row][\/et_pb_section][et_pb_section admin_label=\u00bbSecci\u00f3n\u00bb fullwidth=\u00bboff\u00bb specialty=\u00bboff\u00bb][et_pb_row admin_label=\u00bbFila\u00bb][et_pb_column type=\u00bb4_4&#8243;][et_pb_divider admin_label=\u00bbSeparador\u00bb color=\u00bb#ffffff\u00bb show_divider=\u00bboff\u00bb height=\u00bb60&#8243; divider_style=\u00bbsolid\u00bb divider_position=\u00bbtop\u00bb hide_on_mobile=\u00bbon\u00bb] [\/et_pb_divider][et_pb_divider admin_label=\u00bbSeparador\u00bb color=\u00bb#ffffff\u00bb show_divider=\u00bboff\u00bb height=\u00bb60&#8243; divider_style=\u00bbsolid\u00bb divider_position=\u00bbtop\u00bb hide_on_mobile=\u00bbon\u00bb] [\/et_pb_divider][\/et_pb_column][\/et_pb_row][\/et_pb_section]<\/p>\n","protected":false},"excerpt":{"rendered":"<p>[rev_slider alias=\u00bbINICIO1&#8243;][\/rev_slider] &nbsp; Somos una empresa con 20 a\u00f1os en el rubro del dise\u00f1o interior y arquitectura. Remodelamos tu casa entreg\u00e1ndote\u00a0un servicio integral. Nos definimos en 4 palabras: Trayectoria, Experiencia, Vanguardia y Creatividad.\u00a0Contamos con un showroom y una tienda con objetos a la venta cuidadosamente seleccionados por nuestro equipo y muebles dise\u00f1ados por nosotros. Revisa [&hellip;]<\/p>\n","protected":false},"author":1,"featured_media":0,"parent":0,"menu_order":0,"comment_status":"closed","ping_status":"closed","template":"","meta":{"_et_pb_use_builder":"on","_et_pb_old_content":"","_et_gb_content_width":"","footnotes":""},"class_list":["post-640","page","type-page","status-publish","hentry"],"_links":{"self":[{"href":"http:\/\/rodecoarq.cl\/site\/wp-json\/wp\/v2\/pages\/640","targetHints":{"allow":["GET"]}}],"collection":[{"href":"http:\/\/rodecoarq.cl\/site\/wp-json\/wp\/v2\/pages"}],"about":[{"href":"http:\/\/rodecoarq.cl\/site\/wp-json\/wp\/v2\/types\/page"}],"author":[{"embeddable":true,"href":"http:\/\/rodecoarq.cl\/site\/wp-json\/wp\/v2\/users\/1"}],"replies":[{"embeddable":true,"href":"http:\/\/rodecoarq.cl\/site\/wp-json\/wp\/v2\/comments?post=640"}],"version-history":[{"count":66,"href":"http:\/\/rodecoarq.cl\/site\/wp-json\/wp\/v2\/pages\/640\/revisions"}],"predecessor-version":[{"id":1749,"href":"http:\/\/rodecoarq.cl\/site\/wp-json\/wp\/v2\/pages\/640\/revisions\/1749"}],"wp:attachment":[{"href":"http:\/\/rodecoarq.cl\/site\/wp-json\/wp\/v2\/media?parent=640"}],"curies":[{"name":"wp","href":"https:\/\/api.w.org\/{rel}","templated":true}]}}