{"id":618,"date":"2016-03-08T17:02:36","date_gmt":"2016-03-08T21:02:36","guid":{"rendered":"http:\/\/rodecoarq.cl\/site\/?page_id=618"},"modified":"2023-06-22T21:39:33","modified_gmt":"2023-06-23T01:39:33","slug":"proyectos","status":"publish","type":"page","link":"http:\/\/rodecoarq.cl\/site\/proyectos\/","title":{"rendered":"Proyectos"},"content":{"rendered":"<p>[et_pb_section fb_built=\u00bb1&#8243; admin_label=\u00bbSecci\u00f3n\u00bb _builder_version=\u00bb3.22&#8243;][et_pb_row admin_label=\u00bbFila\u00bb _builder_version=\u00bb3.25&#8243; background_size=\u00bbinitial\u00bb background_position=\u00bbtop_left\u00bb background_repeat=\u00bbrepeat\u00bb][et_pb_column type=\u00bb4_4&#8243; _builder_version=\u00bb3.25&#8243; custom_padding=\u00bb|||\u00bb custom_padding__hover=\u00bb|||\u00bb][et_pb_divider show_divider=\u00bboff\u00bb disabled_on=\u00bbon|on|off\u00bb admin_label=\u00bbSeparador\u00bb _builder_version=\u00bb3.23.4&#8243; height=\u00bb10px\u00bb hide_on_mobile=\u00bbon\u00bb] [\/et_pb_divider][et_pb_divider show_divider=\u00bboff\u00bb disabled_on=\u00bbon|on|off\u00bb admin_label=\u00bbSeparador\u00bb _builder_version=\u00bb3.23.4&#8243; height=\u00bb10px\u00bb hide_on_mobile=\u00bbon\u00bb] [\/et_pb_divider][\/et_pb_column][\/et_pb_row][et_pb_row admin_label=\u00bbFila\u00bb _builder_version=\u00bb3.25&#8243; background_size=\u00bbinitial\u00bb background_position=\u00bbtop_left\u00bb background_repeat=\u00bbrepeat\u00bb column_structure=\u00bb1_3,1_3,1_3&#8243;][et_pb_column type=\u00bb1_3&#8243; _builder_version=\u00bb3.25&#8243; custom_padding=\u00bb|||\u00bb custom_padding__hover=\u00bb|||\u00bb][et_pb_gallery gallery_ids=\u00bb137,138,135,136&#8243; posts_number=\u00bb1&#8243; show_pagination=\u00bboff\u00bb admin_label=\u00bbProyecto 1&#8243; _builder_version=\u00bb3.0.87&#8243; use_border_color=\u00bboff\u00bb border_color=\u00bb#ffffff\u00bb border_style=\u00bbsolid\u00bb] [\/et_pb_gallery][et_pb_gallery gallery_ids=\u00bb878,881,879,880&#8243; fullwidth=\u00bbon\u00bb admin_label=\u00bbProyecto 4&#8243; _builder_version=\u00bb3.0.87&#8243; caption_all_caps=\u00bboff\u00bb use_border_color=\u00bboff\u00bb border_color=\u00bb#ffffff\u00bb border_style=\u00bbsolid\u00bb] [\/et_pb_gallery][et_pb_text admin_label=\u00bbTexto proyecto 4&#8243; _builder_version=\u00bb3.27.4&#8243; background_size=\u00bbinitial\u00bb background_position=\u00bbtop_left\u00bb background_repeat=\u00bbrepeat\u00bb use_border_color=\u00bboff\u00bb border_color=\u00bb#ffffff\u00bb border_style=\u00bbsolid\u00bb]<\/p>\n<h5>Remodelaci\u00f3n Cocina<\/h5>\n<p>[\/et_pb_text][et_pb_gallery gallery_ids=\u00bb902,901,900,899,904,903&#8243; posts_number=\u00bb1&#8243; show_pagination=\u00bboff\u00bb admin_label=\u00bbProyecto 7&#8243; _builder_version=\u00bb3.0.87&#8243; use_border_color=\u00bboff\u00bb border_color=\u00bb#ffffff\u00bb border_style=\u00bbsolid\u00bb] [\/et_pb_gallery][et_pb_gallery gallery_ids=\u00bb917,918,919&#8243; posts_number=\u00bb1&#8243; show_pagination=\u00bboff\u00bb admin_label=\u00bbProyecto 10&#8243; _builder_version=\u00bb3.0.87&#8243; use_border_color=\u00bboff\u00bb border_color=\u00bb#ffffff\u00bb border_style=\u00bbsolid\u00bb] [\/et_pb_gallery][et_pb_gallery gallery_ids=\u00bb933,935,936,937,934,932&#8243; posts_number=\u00bb1&#8243; show_pagination=\u00bboff\u00bb admin_label=\u00bbProyecto 13&#8243; _builder_version=\u00bb3.0.87&#8243; use_border_color=\u00bboff\u00bb border_color=\u00bb#ffffff\u00bb border_style=\u00bbsolid\u00bb] [\/et_pb_gallery][et_pb_gallery gallery_ids=\u00bb950,969,949,968,967&#8243; posts_number=\u00bb1&#8243; show_pagination=\u00bboff\u00bb admin_label=\u00bbProyecto 16&#8243; _builder_version=\u00bb3.0.87&#8243; use_border_color=\u00bboff\u00bb border_color=\u00bb#ffffff\u00bb border_style=\u00bbsolid\u00bb] [\/et_pb_gallery][et_pb_gallery gallery_ids=\u00bb34,33,31&#8243; posts_number=\u00bb1&#8243; show_pagination=\u00bboff\u00bb admin_label=\u00bbProyecto 19&#8243; _builder_version=\u00bb3.0.87&#8243; use_border_color=\u00bboff\u00bb border_color=\u00bb#ffffff\u00bb border_style=\u00bbsolid\u00bb] [\/et_pb_gallery][\/et_pb_column][et_pb_column type=\u00bb1_3&#8243; _builder_version=\u00bb3.25&#8243; custom_padding=\u00bb|||\u00bb custom_padding__hover=\u00bb|||\u00bb][et_pb_gallery gallery_ids=\u00bb836,837,961,962,947,946&#8243; posts_number=\u00bb1&#8243; show_pagination=\u00bboff\u00bb admin_label=\u00bbProyecto 2&#8243; _builder_version=\u00bb3.0.87&#8243; use_border_color=\u00bboff\u00bb border_color=\u00bb#ffffff\u00bb border_style=\u00bbsolid\u00bb] [\/et_pb_gallery][et_pb_gallery gallery_ids=\u00bb883,378,884,886,885&#8243; posts_number=\u00bb1&#8243; show_pagination=\u00bboff\u00bb admin_label=\u00bbProyecto 5&#8243; _builder_version=\u00bb3.0.87&#8243; use_border_color=\u00bboff\u00bb border_color=\u00bb#ffffff\u00bb border_style=\u00bbsolid\u00bb] [\/et_pb_gallery][et_pb_gallery gallery_ids=\u00bb906,907&#8243; posts_number=\u00bb1&#8243; show_pagination=\u00bboff\u00bb admin_label=\u00bbProyecto 8&#8243; _builder_version=\u00bb3.0.87&#8243; use_border_color=\u00bboff\u00bb border_color=\u00bb#ffffff\u00bb border_style=\u00bbsolid\u00bb] [\/et_pb_gallery][et_pb_gallery gallery_ids=\u00bb922,921&#8243; posts_number=\u00bb1&#8243; show_pagination=\u00bboff\u00bb admin_label=\u00bbProyecto 11&#8243; _builder_version=\u00bb3.0.87&#8243; use_border_color=\u00bboff\u00bb border_color=\u00bb#ffffff\u00bb border_style=\u00bbsolid\u00bb] [\/et_pb_gallery][et_pb_gallery gallery_ids=\u00bb941,943,942&#8243; posts_number=\u00bb1&#8243; show_pagination=\u00bboff\u00bb admin_label=\u00bbProyecto 14&#8243; _builder_version=\u00bb3.0.87&#8243; use_border_color=\u00bboff\u00bb border_color=\u00bb#ffffff\u00bb border_style=\u00bbsolid\u00bb] [\/et_pb_gallery][et_pb_gallery gallery_ids=\u00bb952,953,956,955&#8243; fullwidth=\u00bbon\u00bb admin_label=\u00bbProyecto 17&#8243; _builder_version=\u00bb3.0.87&#8243; caption_all_caps=\u00bboff\u00bb use_border_color=\u00bboff\u00bb border_color=\u00bb#ffffff\u00bb border_style=\u00bbsolid\u00bb] [\/et_pb_gallery][et_pb_text admin_label=\u00bbTexto proyecto 17&#8243; _builder_version=\u00bb3.27.4&#8243; background_size=\u00bbinitial\u00bb background_position=\u00bbtop_left\u00bb background_repeat=\u00bbrepeat\u00bb use_border_color=\u00bboff\u00bb border_color=\u00bb#ffffff\u00bb border_style=\u00bbsolid\u00bb]<\/p>\n<h5>Remodelaci\u00f3n\u00a0Ba\u00f1o<\/h5>\n<h6>Im\u00e1genes antes y despu\u00e9s<\/h6>\n<p>[\/et_pb_text][et_pb_gallery gallery_ids=\u00bb68,964,965,829,845,674,179,64,63,66&#8243; posts_number=\u00bb1&#8243; show_pagination=\u00bboff\u00bb admin_label=\u00bbProyecto 20&#8243; _builder_version=\u00bb3.0.87&#8243; use_border_color=\u00bboff\u00bb border_color=\u00bb#ffffff\u00bb border_style=\u00bbsolid\u00bb] [\/et_pb_gallery][\/et_pb_column][et_pb_column type=\u00bb1_3&#8243; _builder_version=\u00bb3.25&#8243; custom_padding=\u00bb|||\u00bb custom_padding__hover=\u00bb|||\u00bb][et_pb_gallery gallery_ids=\u00bb840,839,841&#8243; fullwidth=\u00bbon\u00bb hover_icon=\u00bb%%200%%\u00bb admin_label=\u00bbProyecto 3&#8243; _builder_version=\u00bb3.0.87&#8243; caption_all_caps=\u00bboff\u00bb use_border_color=\u00bboff\u00bb border_color=\u00bb#ffffff\u00bb border_style=\u00bbsolid\u00bb] [\/et_pb_gallery][et_pb_text admin_label=\u00bbTexto proyecto 3&#8243; _builder_version=\u00bb3.27.4&#8243; background_size=\u00bbinitial\u00bb background_position=\u00bbtop_left\u00bb background_repeat=\u00bbrepeat\u00bb use_border_color=\u00bboff\u00bb border_color=\u00bb#ffffff\u00bb border_style=\u00bbsolid\u00bb]<\/p>\n<h5>Walking Closet<\/h5>\n<h6>Dise\u00f1o a Medida<\/h6>\n<p>[\/et_pb_text][et_pb_gallery gallery_ids=\u00bb893,888,897,895,890,892,896,889,891&#8243; posts_number=\u00bb1&#8243; show_pagination=\u00bboff\u00bb admin_label=\u00bbProyecto 6&#8243; _builder_version=\u00bb3.0.87&#8243; use_border_color=\u00bboff\u00bb border_color=\u00bb#ffffff\u00bb border_style=\u00bbsolid\u00bb] [\/et_pb_gallery][et_pb_gallery gallery_ids=\u00bb910,912,913,911,914&#8243; posts_number=\u00bb1&#8243; show_pagination=\u00bboff\u00bb admin_label=\u00bbProyecto 9&#8243; _builder_version=\u00bb3.0.87&#8243; use_border_color=\u00bboff\u00bb border_color=\u00bb#ffffff\u00bb border_style=\u00bbsolid\u00bb] [\/et_pb_gallery][et_pb_gallery gallery_ids=\u00bb929,926,928,925,924,927&#8243; posts_number=\u00bb1&#8243; show_pagination=\u00bboff\u00bb admin_label=\u00bbProyecto 12&#8243; _builder_version=\u00bb3.0.87&#8243; use_border_color=\u00bboff\u00bb border_color=\u00bb#ffffff\u00bb border_style=\u00bbsolid\u00bb] [\/et_pb_gallery][et_pb_gallery gallery_ids=\u00bb973,972,974&#8243; posts_number=\u00bb1&#8243; show_pagination=\u00bboff\u00bb admin_label=\u00bbProyecto 15&#8243; _builder_version=\u00bb3.0.87&#8243; use_border_color=\u00bboff\u00bb border_color=\u00bb#ffffff\u00bb border_style=\u00bbsolid\u00bb] [\/et_pb_gallery][et_pb_gallery gallery_ids=\u00bb281,280,279,278&#8243; posts_number=\u00bb1&#8243; show_pagination=\u00bboff\u00bb admin_label=\u00bbProyecto 18&#8243; _builder_version=\u00bb3.0.87&#8243; use_border_color=\u00bboff\u00bb border_color=\u00bb#ffffff\u00bb border_style=\u00bbsolid\u00bb] [\/et_pb_gallery][\/et_pb_column][\/et_pb_row][et_pb_row admin_label=\u00bbFila\u00bb _builder_version=\u00bb3.25&#8243; background_size=\u00bbinitial\u00bb background_position=\u00bbtop_left\u00bb background_repeat=\u00bbrepeat\u00bb][et_pb_column type=\u00bb4_4&#8243; _builder_version=\u00bb3.25&#8243; custom_padding=\u00bb|||\u00bb custom_padding__hover=\u00bb|||\u00bb][et_pb_divider show_divider=\u00bboff\u00bb disabled_on=\u00bbon|on|off\u00bb admin_label=\u00bbSeparador\u00bb _builder_version=\u00bb3.23.4&#8243; height=\u00bb10px\u00bb hide_on_mobile=\u00bbon\u00bb] [\/et_pb_divider][et_pb_divider show_divider=\u00bboff\u00bb disabled_on=\u00bbon|on|off\u00bb admin_label=\u00bbSeparador\u00bb _builder_version=\u00bb3.23.4&#8243; height=\u00bb10px\u00bb hide_on_mobile=\u00bbon\u00bb] [\/et_pb_divider][et_pb_divider show_divider=\u00bboff\u00bb disabled_on=\u00bbon|on|off\u00bb admin_label=\u00bbSeparador\u00bb _builder_version=\u00bb3.23.4&#8243; height=\u00bb10px\u00bb hide_on_mobile=\u00bbon\u00bb] [\/et_pb_divider][\/et_pb_column][\/et_pb_row][\/et_pb_section]<\/p>\n","protected":false},"excerpt":{"rendered":"<p>Remodelaci\u00f3n Cocina Remodelaci\u00f3n\u00a0Ba\u00f1o Im\u00e1genes antes y despu\u00e9s Walking Closet Dise\u00f1o a Medida<\/p>\n","protected":false},"author":1,"featured_media":0,"parent":0,"menu_order":0,"comment_status":"closed","ping_status":"closed","template":"","meta":{"_et_pb_use_builder":"on","_et_pb_old_content":"","_et_gb_content_width":"","footnotes":""},"class_list":["post-618","page","type-page","status-publish","hentry"],"_links":{"self":[{"href":"http:\/\/rodecoarq.cl\/site\/wp-json\/wp\/v2\/pages\/618","targetHints":{"allow":["GET"]}}],"collection":[{"href":"http:\/\/rodecoarq.cl\/site\/wp-json\/wp\/v2\/pages"}],"about":[{"href":"http:\/\/rodecoarq.cl\/site\/wp-json\/wp\/v2\/types\/page"}],"author":[{"embeddable":true,"href":"http:\/\/rodecoarq.cl\/site\/wp-json\/wp\/v2\/users\/1"}],"replies":[{"embeddable":true,"href":"http:\/\/rodecoarq.cl\/site\/wp-json\/wp\/v2\/comments?post=618"}],"version-history":[{"count":79,"href":"http:\/\/rodecoarq.cl\/site\/wp-json\/wp\/v2\/pages\/618\/revisions"}],"predecessor-version":[{"id":1765,"href":"http:\/\/rodecoarq.cl\/site\/wp-json\/wp\/v2\/pages\/618\/revisions\/1765"}],"wp:attachment":[{"href":"http:\/\/rodecoarq.cl\/site\/wp-json\/wp\/v2\/media?parent=618"}],"curies":[{"name":"wp","href":"https:\/\/api.w.org\/{rel}","templated":true}]}}