{"id":18,"date":"2014-02-07T19:18:25","date_gmt":"2014-02-07T19:18:25","guid":{"rendered":"http:\/\/rodecoarq.cl\/site\/?page_id=18"},"modified":"2016-06-01T14:41:40","modified_gmt":"2016-06-01T18:41:40","slug":"contacto","status":"publish","type":"page","link":"http:\/\/rodecoarq.cl\/site\/contacto\/","title":{"rendered":"Contacto"},"content":{"rendered":"<p>[et_pb_section admin_label=\u00bbsection\u00bb][et_pb_row admin_label=\u00bbFila\u00bb][et_pb_column type=\u00bb4_4&#8243;][et_pb_divider admin_label=\u00bbSeparador\u00bb color=\u00bb#ffffff\u00bb show_divider=\u00bboff\u00bb height=\u00bb20&#8243; divider_style=\u00bbsolid\u00bb divider_position=\u00bbtop\u00bb hide_on_mobile=\u00bbon\u00bb] [\/et_pb_divider][et_pb_divider admin_label=\u00bbSeparador\u00bb color=\u00bb#ffffff\u00bb show_divider=\u00bboff\u00bb height=\u00bb20&#8243; divider_style=\u00bbsolid\u00bb divider_position=\u00bbtop\u00bb hide_on_mobile=\u00bbon\u00bb \/][\/et_pb_column][\/et_pb_row][et_pb_row admin_label=\u00bbrow\u00bb][et_pb_column type=\u00bb1_2&#8243;][et_pb_text admin_label=\u00bbTexto\u00bb background_layout=\u00bblight\u00bb text_orientation=\u00bbleft\u00bb use_border_color=\u00bboff\u00bb border_color=\u00bb#ffffff\u00bb border_style=\u00bbsolid\u00bb]<\/p>\n<p><strong>Cont\u00e1ctate con nosotros:<\/strong><\/p>\n<p>[contact-form-7 id=\u00bb20&#8243; title=\u00bbContacto\u00bb]<\/p>\n<p>&nbsp;<\/p>\n<p>[\/et_pb_text][\/et_pb_column][et_pb_column type=\u00bb1_2&#8243;][et_pb_map admin_label=\u00bbMapa\u00bb address=\u00bbPr\u00edncipe de Gales 6662, La Reina, La Reina, Regi\u00f3n Metropolitana, Chile\u00bb zoom_level=\u00bb17&#8243; address_lat=\u00bb-33.43829110531128&#8243; address_lng=\u00bb-70.56317633698869&#8243; mouse_wheel=\u00bbon\u00bb use_grayscale_filter=\u00bboff\u00bb] [et_pb_map_pin title=\u00bbMapa\u00bb pin_address=\u00bbPr\u00edncipe de Gales 6662, La Reina, La Reina, Regi\u00f3n Metropolitana, Chile\u00bb pin_address_lat=\u00bb-33.4384849&#8243; pin_address_lng=\u00bb-70.56313669999997&#8243;] [\/et_pb_map_pin] [\/et_pb_map][et_pb_text admin_label=\u00bbTexto\u00bb background_layout=\u00bblight\u00bb text_orientation=\u00bbleft\u00bb use_border_color=\u00bboff\u00bb border_color=\u00bb#ffffff\u00bb border_style=\u00bbsolid\u00bb]<\/p>\n<p><strong>Direcci\u00f3n:<\/strong> Av. Pr\u00edncipe de Gales 6662, La Reina<\/p>\n<p><strong>Tel\u00e9fono:<\/strong> 02 2 2772955<\/p>\n<p><strong>Horario de atenci\u00f3n:<\/strong> Lunes a S\u00e1bado desde las 11:00 a las 20:00 horario continuado<\/p>\n<p>[\/et_pb_text][\/et_pb_column][\/et_pb_row][et_pb_row admin_label=\u00bbFila\u00bb][et_pb_column type=\u00bb4_4&#8243;][et_pb_divider admin_label=\u00bbSeparador\u00bb color=\u00bb#ffffff\u00bb show_divider=\u00bboff\u00bb height=\u00bb20&#8243; divider_style=\u00bbsolid\u00bb divider_position=\u00bbtop\u00bb hide_on_mobile=\u00bbon\u00bb \/][et_pb_divider admin_label=\u00bbSeparador\u00bb color=\u00bb#ffffff\u00bb show_divider=\u00bboff\u00bb height=\u00bb20&#8243; divider_style=\u00bbsolid\u00bb divider_position=\u00bbtop\u00bb hide_on_mobile=\u00bbon\u00bb \/][\/et_pb_column][\/et_pb_row][\/et_pb_section]<\/p>\n","protected":false},"excerpt":{"rendered":"<p>Cont\u00e1ctate con nosotros: [contact-form-7 id=\u00bb20&#8243; title=\u00bbContacto\u00bb] &nbsp; Direcci\u00f3n: Av. Pr\u00edncipe de Gales 6662, La Reina Tel\u00e9fono: 02 2 2772955 Horario de atenci\u00f3n: Lunes a S\u00e1bado desde las 11:00 a las 20:00 horario continuado<\/p>\n","protected":false},"author":1,"featured_media":0,"parent":0,"menu_order":0,"comment_status":"closed","ping_status":"closed","template":"","meta":{"_et_pb_use_builder":"on","_et_pb_old_content":"<p><strong>Direcci\u00f3n:<\/strong> Av. Pr\u00edncipe de Gales 6662, La Reina<\/p><p><strong>Tel\u00e9fono:<\/strong> 02 2 2772955<\/p><p><strong>Horario de atenci\u00f3n:<\/strong> Lunes a S\u00e1bado desde las 11:00 a las 20:00 horario continuado<\/p><p><strong>Cont\u00e1ctate con nosotros:<\/strong><\/p><p>[contact-form-7 id=\"20\" title=\"Contact form 1\"]<\/p>","_et_gb_content_width":"","footnotes":""},"class_list":["post-18","page","type-page","status-publish","hentry"],"_links":{"self":[{"href":"http:\/\/rodecoarq.cl\/site\/wp-json\/wp\/v2\/pages\/18","targetHints":{"allow":["GET"]}}],"collection":[{"href":"http:\/\/rodecoarq.cl\/site\/wp-json\/wp\/v2\/pages"}],"about":[{"href":"http:\/\/rodecoarq.cl\/site\/wp-json\/wp\/v2\/types\/page"}],"author":[{"embeddable":true,"href":"http:\/\/rodecoarq.cl\/site\/wp-json\/wp\/v2\/users\/1"}],"replies":[{"embeddable":true,"href":"http:\/\/rodecoarq.cl\/site\/wp-json\/wp\/v2\/comments?post=18"}],"version-history":[{"count":7,"href":"http:\/\/rodecoarq.cl\/site\/wp-json\/wp\/v2\/pages\/18\/revisions"}],"predecessor-version":[{"id":1378,"href":"http:\/\/rodecoarq.cl\/site\/wp-json\/wp\/v2\/pages\/18\/revisions\/1378"}],"wp:attachment":[{"href":"http:\/\/rodecoarq.cl\/site\/wp-json\/wp\/v2\/media?parent=18"}],"curies":[{"name":"wp","href":"https:\/\/api.w.org\/{rel}","templated":true}]}}